{"id":4955,"date":"2024-08-16T12:33:45","date_gmt":"2024-08-16T12:33:45","guid":{"rendered":"https:\/\/aaravinfotech.club\/lesc.ch\/?page_id=4955"},"modified":"2026-01-16T16:50:51","modified_gmt":"2026-01-16T11:20:51","slug":"coupons","status":"publish","type":"page","link":"https:\/\/lesc.ch\/en\/coupons\/","title":{"rendered":"Coupons"},"content":{"rendered":"<div data-elementor-type=\"wp-post\" data-elementor-id=\"4955\" class=\"elementor elementor-4955\">\n\t\t\t\t\t\t<section class=\"elementor-section elementor-top-section elementor-element elementor-element-f3d2e59 elementor-section-height-min-height elementor-section-content-middle elementor-section-boxed elementor-section-height-default elementor-section-items-middle wpr-particle-no wpr-jarallax-no wpr-parallax-no wpr-sticky-section-no\" data-id=\"f3d2e59\" data-element_type=\"section\" data-e-type=\"section\" data-settings=\"{&quot;background_background&quot;:&quot;classic&quot;}\">\n\t\t\t\t\t\t\t<div class=\"elementor-background-overlay\"><\/div>\n\t\t\t\t\t\t\t<div class=\"elementor-container elementor-column-gap-default\">\n\t\t\t\t\t<div class=\"elementor-column elementor-col-100 elementor-top-column elementor-element elementor-element-64437c9\" data-id=\"64437c9\" data-element_type=\"column\" data-e-type=\"column\">\n\t\t\t<div class=\"elementor-widget-wrap elementor-element-populated\">\n\t\t\t\t\t\t<div class=\"elementor-element elementor-element-31f4f34 elementor-widget elementor-widget-heading\" data-id=\"31f4f34\" data-element_type=\"widget\" data-e-type=\"widget\" data-widget_type=\"heading.default\">\n\t\t\t\t<div class=\"elementor-widget-container\">\n\t\t\t\t\t<h1 class=\"elementor-heading-title elementor-size-default\">Coupons<\/h1>\t\t\t\t<\/div>\n\t\t\t\t<\/div>\n\t\t\t\t<div class=\"elementor-element elementor-element-ad6181f elementor-icon-list--layout-inline elementor-align-center elementor-list-item-link-full_width elementor-widget elementor-widget-icon-list\" data-id=\"ad6181f\" data-element_type=\"widget\" data-e-type=\"widget\" data-widget_type=\"icon-list.default\">\n\t\t\t\t<div class=\"elementor-widget-container\">\n\t\t\t\t\t\t\t<ul class=\"elementor-icon-list-items elementor-inline-items\">\n\t\t\t\t\t\t\t<li class=\"elementor-icon-list-item elementor-inline-item\">\n\t\t\t\t\t\t\t\t\t\t\t<a href=\"\/en\/\">\n\n\t\t\t\t\t\t\t\t\t\t\t<span class=\"elementor-icon-list-text\">Home<\/span>\n\t\t\t\t\t\t\t\t\t\t\t<\/a>\n\t\t\t\t\t\t\t\t\t<\/li>\n\t\t\t\t\t\t\t\t<li class=\"elementor-icon-list-item elementor-inline-item\">\n\t\t\t\t\t\t\t\t\t\t\t<span class=\"elementor-icon-list-icon\">\n\t\t\t\t\t\t\t<svg aria-hidden=\"true\" class=\"e-font-icon-svg e-fas-angle-right\" viewbox=\"0 0 256 512\" xmlns=\"http:\/\/www.w3.org\/2000\/svg\"><path d=\"M224.3 273l-136 136c-9.4 9.4-24.6 9.4-33.9 0l-22.6-22.6c-9.4-9.4-9.4-24.6 0-33.9l96.4-96.4-96.4-96.4c-9.4-9.4-9.4-24.6 0-33.9L54.3 103c9.4-9.4 24.6-9.4 33.9 0l136 136c9.5 9.4 9.5 24.6.1 34z\"><\/path><\/svg>\t\t\t\t\t\t<\/span>\n\t\t\t\t\t\t\t\t\t\t<span class=\"elementor-icon-list-text\">Coupons<\/span>\n\t\t\t\t\t\t\t\t\t<\/li>\n\t\t\t\t\t\t<\/ul>\n\t\t\t\t\t\t<\/div>\n\t\t\t\t<\/div>\n\t\t\t\t\t<\/div>\n\t\t<\/div>\n\t\t\t\t\t<\/div>\n\t\t<\/section>\n\t\t<div class=\"elementor-element elementor-element-dc06707 e-flex e-con-boxed wpr-particle-no wpr-jarallax-no wpr-parallax-no wpr-sticky-section-no e-con e-parent\" data-id=\"dc06707\" data-element_type=\"container\" data-e-type=\"container\">\n\t\t\t\t\t<div class=\"e-con-inner\">\n\t\t\t\t<div class=\"elementor-element elementor-element-00d9449 elementor-widget elementor-widget-text-editor\" data-id=\"00d9449\" data-element_type=\"widget\" data-e-type=\"widget\" data-widget_type=\"text-editor.default\">\n\t\t\t\t<div class=\"elementor-widget-container\">\n\t\t\t\t\t\t\t\t\t<p class=\"has-text-align-center\">The coupons are valid for all rooms and are not bound to a specific date or person. They can be redeemed online or on location. You will receive the coupon as a PDF by e-mail immediately after online payment. For the online payment we accept TWINT or Credit Card. If you  additionally get the <strong><span style=\"color: #ff0000;\">\u201cGift Card\u201d<\/span><\/strong> or <strong><span style=\"color: #ff0000;\">\u201c<\/span><\/strong><strong><span style=\"color: #ff0000;\">Puzzle Box\u201d<\/span><\/strong>\u00a0the voucher will also be delivered physically by post (max. 5 working days, shipping costs are included in the price).<\/p><p>If you prefer to pick up the \"gift card\" or \"puzzle box\" from us, please contact us via the <a href=\"\/en\/contact-us\/\"><strong><span style=\"color: #ff0000;\">Contact Form<\/span><\/strong><\/a> or <strong><span style=\"color: #ff0000;\"><a style=\"color: #ff0000;\" href=\"mailto:info@lesc.ch\">Email Us<\/a><\/span><span style=\"color: #ff0000;\"><span style=\"color: #000000;\">.<\/span><\/span><\/strong><\/p>\t\t\t\t\t\t\t\t<\/div>\n\t\t\t\t<\/div>\n\t\t\t\t\t<\/div>\n\t\t\t\t<\/div>\n\t\t<div class=\"elementor-element elementor-element-1b96930 e-flex e-con-boxed wpr-particle-no wpr-jarallax-no wpr-parallax-no wpr-sticky-section-no e-con e-parent\" data-id=\"1b96930\" data-element_type=\"container\" data-e-type=\"container\">\n\t\t\t\t\t<div class=\"e-con-inner\">\n\t\t\t\t<div class=\"elementor-element elementor-element-4e6c010 elementor-widget elementor-widget-html\" data-id=\"4e6c010\" data-element_type=\"widget\" data-e-type=\"widget\" data-widget_type=\"html.default\">\n\t\t\t\t<div class=\"elementor-widget-container\">\n\t\t\t\t\t<body>\n  <script src=\"https:\/\/cdn.quinbook.com\/shop.js\" data-shopid=\"af4f00ca48321fb026865c5a1772dafd\"><\/script>\n<\/body>\t\t\t\t<\/div>\n\t\t\t\t<\/div>\n\t\t\t\t\t<\/div>\n\t\t\t\t<\/div>\n\t\t\t\t<\/div>","protected":false},"excerpt":{"rendered":"<p>Gutscheine Home Gutscheine Die Gutscheine gelten f\u00fcr alle Spiele und sind nicht an ein bestimmtes Datum oder eine Person gebunden, Sie k\u00f6nnen online bei der Buchung oder vor Ort eingel\u00f6st werden. Der Gutschein wird als PDF per E-Mail unmittelbar nach der Bestellung zugeschickt. F\u00fcr die Bezahlung akzeptieren wir TWINT oder Kreditkarte. Wenn du zus\u00e4tzlich die \u201cGeschenkkarte\u201d oder \u201cR\u00e4tselbox\u201d\u00a0kaufts wird der<\/p>","protected":false},"author":3,"featured_media":0,"parent":0,"menu_order":0,"comment_status":"closed","ping_status":"closed","template":"blank-builder.php","meta":{"_uag_custom_page_level_css":"","footnotes":""},"class_list":["post-4955","page","type-page","status-publish","hentry"],"yoast_head":"<!-- This site is optimized with the Yoast SEO plugin v27.3 - https:\/\/yoast.com\/product\/yoast-seo-wordpress\/ -->\n<title>Coupons - LESC<\/title>\n<meta name=\"robots\" content=\"index, follow, max-snippet:-1, max-image-preview:large, max-video-preview:-1\" \/>\n<link rel=\"canonical\" href=\"https:\/\/lesc.ch\/en\/coupons\/\" \/>\n<meta property=\"og:locale\" content=\"en_US\" \/>\n<meta property=\"og:type\" content=\"article\" \/>\n<meta property=\"og:title\" content=\"Coupons - LESC\" \/>\n<meta property=\"og:description\" content=\"Gutscheine Home Gutscheine Die Gutscheine gelten f\u00fcr alle Spiele und sind nicht an ein bestimmtes Datum oder eine Person gebunden, Sie k\u00f6nnen online bei der Buchung oder vor Ort eingel\u00f6st werden. Der Gutschein wird als PDF per E-Mail unmittelbar nach der Bestellung zugeschickt. F\u00fcr die Bezahlung akzeptieren wir TWINT oder Kreditkarte. Wenn du zus\u00e4tzlich die \u201cGeschenkkarte\u201d oder \u201cR\u00e4tselbox\u201d\u00a0kaufts wird der\" \/>\n<meta property=\"og:url\" content=\"https:\/\/lesc.ch\/en\/coupons\/\" \/>\n<meta property=\"og:site_name\" content=\"LESC\" \/>\n<meta property=\"article:publisher\" content=\"https:\/\/www.facebook.com\/people\/LESC-Live-Escape-Rooms-Buchs\/100028021046978\/\" \/>\n<meta property=\"article:modified_time\" content=\"2026-01-16T11:20:51+00:00\" \/>\n<meta property=\"og:image\" content=\"https:\/\/lesc.ch\/wp-content\/uploads\/2024\/07\/Logo.jpg\" \/>\n\t<meta property=\"og:image:width\" content=\"415\" \/>\n\t<meta property=\"og:image:height\" content=\"400\" \/>\n\t<meta property=\"og:image:type\" content=\"image\/jpeg\" \/>\n<meta name=\"twitter:card\" content=\"summary_large_image\" \/>\n<meta name=\"twitter:label1\" content=\"Est. reading time\" \/>\n\t<meta name=\"twitter:data1\" content=\"3 minutes\" \/>\n<script type=\"application\/ld+json\" class=\"yoast-schema-graph\">{\"@context\":\"https:\\\/\\\/schema.org\",\"@graph\":[{\"@type\":\"WebPage\",\"@id\":\"https:\\\/\\\/lesc.ch\\\/coupons\\\/\",\"url\":\"https:\\\/\\\/lesc.ch\\\/coupons\\\/\",\"name\":\"Coupons - LESC\",\"isPartOf\":{\"@id\":\"https:\\\/\\\/lesc.ch\\\/#website\"},\"datePublished\":\"2024-08-16T12:33:45+00:00\",\"dateModified\":\"2026-01-16T11:20:51+00:00\",\"breadcrumb\":{\"@id\":\"https:\\\/\\\/lesc.ch\\\/coupons\\\/#breadcrumb\"},\"inLanguage\":\"en-US\",\"potentialAction\":[{\"@type\":\"ReadAction\",\"target\":[\"https:\\\/\\\/lesc.ch\\\/coupons\\\/\"]}]},{\"@type\":\"BreadcrumbList\",\"@id\":\"https:\\\/\\\/lesc.ch\\\/coupons\\\/#breadcrumb\",\"itemListElement\":[{\"@type\":\"ListItem\",\"position\":1,\"name\":\"Home\",\"item\":\"https:\\\/\\\/lesc.ch\\\/\"},{\"@type\":\"ListItem\",\"position\":2,\"name\":\"Coupons\"}]},{\"@type\":\"WebSite\",\"@id\":\"https:\\\/\\\/lesc.ch\\\/#website\",\"url\":\"https:\\\/\\\/lesc.ch\\\/\",\"name\":\"LESC - Live Escape Rooms Buchs\",\"description\":\"\",\"publisher\":{\"@id\":\"https:\\\/\\\/lesc.ch\\\/#organization\"},\"potentialAction\":[{\"@type\":\"SearchAction\",\"target\":{\"@type\":\"EntryPoint\",\"urlTemplate\":\"https:\\\/\\\/lesc.ch\\\/?s={search_term_string}\"},\"query-input\":{\"@type\":\"PropertyValueSpecification\",\"valueRequired\":true,\"valueName\":\"search_term_string\"}}],\"inLanguage\":\"en-US\"},{\"@type\":\"Organization\",\"@id\":\"https:\\\/\\\/lesc.ch\\\/#organization\",\"name\":\"LESC\",\"url\":\"https:\\\/\\\/lesc.ch\\\/\",\"logo\":{\"@type\":\"ImageObject\",\"inLanguage\":\"en-US\",\"@id\":\"https:\\\/\\\/lesc.ch\\\/#\\\/schema\\\/logo\\\/image\\\/\",\"url\":\"https:\\\/\\\/lesc.ch\\\/wp-content\\\/uploads\\\/2024\\\/07\\\/Logo.jpg\",\"contentUrl\":\"https:\\\/\\\/lesc.ch\\\/wp-content\\\/uploads\\\/2024\\\/07\\\/Logo.jpg\",\"width\":415,\"height\":400,\"caption\":\"LESC\"},\"image\":{\"@id\":\"https:\\\/\\\/lesc.ch\\\/#\\\/schema\\\/logo\\\/image\\\/\"},\"sameAs\":[\"https:\\\/\\\/www.facebook.com\\\/people\\\/LESC-Live-Escape-Rooms-Buchs\\\/100028021046978\\\/\",\"https:\\\/\\\/www.instagram.com\\\/lescliveescaperooms\\\/\"]}]}<\/script>\n<!-- \/ Yoast SEO plugin. -->","yoast_head_json":{"title":"Coupons - LESC","robots":{"index":"index","follow":"follow","max-snippet":"max-snippet:-1","max-image-preview":"max-image-preview:large","max-video-preview":"max-video-preview:-1"},"canonical":"https:\/\/lesc.ch\/en\/coupons\/","og_locale":"en_US","og_type":"article","og_title":"Coupons - LESC","og_description":"Gutscheine Home Gutscheine Die Gutscheine gelten f\u00fcr alle Spiele und sind nicht an ein bestimmtes Datum oder eine Person gebunden, Sie k\u00f6nnen online bei der Buchung oder vor Ort eingel\u00f6st werden. Der Gutschein wird als PDF per E-Mail unmittelbar nach der Bestellung zugeschickt. F\u00fcr die Bezahlung akzeptieren wir TWINT oder Kreditkarte. Wenn du zus\u00e4tzlich die \u201cGeschenkkarte\u201d oder \u201cR\u00e4tselbox\u201d\u00a0kaufts wird der","og_url":"https:\/\/lesc.ch\/en\/coupons\/","og_site_name":"LESC","article_publisher":"https:\/\/www.facebook.com\/people\/LESC-Live-Escape-Rooms-Buchs\/100028021046978\/","article_modified_time":"2026-01-16T11:20:51+00:00","og_image":[{"width":415,"height":400,"url":"https:\/\/lesc.ch\/wp-content\/uploads\/2024\/07\/Logo.jpg","type":"image\/jpeg"}],"twitter_card":"summary_large_image","twitter_misc":{"Est. reading time":"3 minutes"},"schema":{"@context":"https:\/\/schema.org","@graph":[{"@type":"WebPage","@id":"https:\/\/lesc.ch\/coupons\/","url":"https:\/\/lesc.ch\/coupons\/","name":"Coupons - LESC","isPartOf":{"@id":"https:\/\/lesc.ch\/#website"},"datePublished":"2024-08-16T12:33:45+00:00","dateModified":"2026-01-16T11:20:51+00:00","breadcrumb":{"@id":"https:\/\/lesc.ch\/coupons\/#breadcrumb"},"inLanguage":"en-US","potentialAction":[{"@type":"ReadAction","target":["https:\/\/lesc.ch\/coupons\/"]}]},{"@type":"BreadcrumbList","@id":"https:\/\/lesc.ch\/coupons\/#breadcrumb","itemListElement":[{"@type":"ListItem","position":1,"name":"Home","item":"https:\/\/lesc.ch\/"},{"@type":"ListItem","position":2,"name":"Coupons"}]},{"@type":"WebSite","@id":"https:\/\/lesc.ch\/#website","url":"https:\/\/lesc.ch\/","name":"LESC - Live Escape Rooms Buchs","description":"","publisher":{"@id":"https:\/\/lesc.ch\/#organization"},"potentialAction":[{"@type":"SearchAction","target":{"@type":"EntryPoint","urlTemplate":"https:\/\/lesc.ch\/?s={search_term_string}"},"query-input":{"@type":"PropertyValueSpecification","valueRequired":true,"valueName":"search_term_string"}}],"inLanguage":"en-US"},{"@type":"Organization","@id":"https:\/\/lesc.ch\/#organization","name":"LESC","url":"https:\/\/lesc.ch\/","logo":{"@type":"ImageObject","inLanguage":"en-US","@id":"https:\/\/lesc.ch\/#\/schema\/logo\/image\/","url":"https:\/\/lesc.ch\/wp-content\/uploads\/2024\/07\/Logo.jpg","contentUrl":"https:\/\/lesc.ch\/wp-content\/uploads\/2024\/07\/Logo.jpg","width":415,"height":400,"caption":"LESC"},"image":{"@id":"https:\/\/lesc.ch\/#\/schema\/logo\/image\/"},"sameAs":["https:\/\/www.facebook.com\/people\/LESC-Live-Escape-Rooms-Buchs\/100028021046978\/","https:\/\/www.instagram.com\/lescliveescaperooms\/"]}]}},"uagb_featured_image_src":{"full":false,"thumbnail":false,"medium":false,"medium_large":false,"large":false,"1536x1536":false,"2048x2048":false,"trp-custom-language-flag":false,"bim-related-post":false,"avo-gallery":false},"uagb_author_info":{"display_name":"admin-lesc.ch","author_link":"https:\/\/lesc.ch\/en\/author\/admin-lesc-ch\/"},"uagb_comment_info":0,"uagb_excerpt":"Gutscheine Home Gutscheine Die Gutscheine gelten f\u00fcr alle Spiele und sind nicht an ein bestimmtes Datum oder eine Person gebunden, Sie k\u00f6nnen online bei der Buchung oder vor Ort eingel\u00f6st werden. Der Gutschein wird als PDF per E-Mail unmittelbar nach der Bestellung zugeschickt. F\u00fcr die Bezahlung akzeptieren wir TWINT oder Kreditkarte. Wenn du zus\u00e4tzlich die&hellip;","_links":{"self":[{"href":"https:\/\/lesc.ch\/en\/wp-json\/wp\/v2\/pages\/4955","targetHints":{"allow":["GET"]}}],"collection":[{"href":"https:\/\/lesc.ch\/en\/wp-json\/wp\/v2\/pages"}],"about":[{"href":"https:\/\/lesc.ch\/en\/wp-json\/wp\/v2\/types\/page"}],"author":[{"embeddable":true,"href":"https:\/\/lesc.ch\/en\/wp-json\/wp\/v2\/users\/3"}],"replies":[{"embeddable":true,"href":"https:\/\/lesc.ch\/en\/wp-json\/wp\/v2\/comments?post=4955"}],"version-history":[{"count":3,"href":"https:\/\/lesc.ch\/en\/wp-json\/wp\/v2\/pages\/4955\/revisions"}],"predecessor-version":[{"id":8662,"href":"https:\/\/lesc.ch\/en\/wp-json\/wp\/v2\/pages\/4955\/revisions\/8662"}],"wp:attachment":[{"href":"https:\/\/lesc.ch\/en\/wp-json\/wp\/v2\/media?parent=4955"}],"curies":[{"name":"wp","href":"https:\/\/api.w.org\/{rel}","templated":true}]}}