{"id":4751,"date":"2024-08-09T05:24:21","date_gmt":"2024-08-09T05:24:21","guid":{"rendered":"https:\/\/aaravinfotech.club\/lesc.ch\/?page_id=4751"},"modified":"2026-02-21T17:26:19","modified_gmt":"2026-02-21T11:56:19","slug":"food-lounge","status":"publish","type":"page","link":"https:\/\/lesc.ch\/en\/food-lounge\/","title":{"rendered":"Food &amp; Lounge"},"content":{"rendered":"<div data-elementor-type=\"wp-post\" data-elementor-id=\"4751\" class=\"elementor elementor-4751\">\n\t\t\t\t\t\t<section class=\"elementor-section elementor-top-section elementor-element elementor-element-f3d2e59 elementor-section-height-min-height elementor-section-content-middle elementor-section-boxed elementor-section-height-default elementor-section-items-middle wpr-particle-no wpr-jarallax-no wpr-parallax-no wpr-sticky-section-no\" data-id=\"f3d2e59\" data-element_type=\"section\" data-e-type=\"section\" data-settings=\"{&quot;background_background&quot;:&quot;classic&quot;}\">\n\t\t\t\t\t\t\t<div class=\"elementor-background-overlay\"><\/div>\n\t\t\t\t\t\t\t<div class=\"elementor-container elementor-column-gap-default\">\n\t\t\t\t\t<div class=\"elementor-column elementor-col-100 elementor-top-column elementor-element elementor-element-64437c9\" data-id=\"64437c9\" data-element_type=\"column\" data-e-type=\"column\">\n\t\t\t<div class=\"elementor-widget-wrap elementor-element-populated\">\n\t\t\t\t\t\t<div class=\"elementor-element elementor-element-31f4f34 elementor-widget elementor-widget-heading\" data-id=\"31f4f34\" data-element_type=\"widget\" data-e-type=\"widget\" data-widget_type=\"heading.default\">\n\t\t\t\t<div class=\"elementor-widget-container\">\n\t\t\t\t\t<h1 class=\"elementor-heading-title elementor-size-default\">Food &amp; Lounge<\/h1>\t\t\t\t<\/div>\n\t\t\t\t<\/div>\n\t\t\t\t<div class=\"elementor-element elementor-element-ad6181f elementor-icon-list--layout-inline elementor-align-center elementor-list-item-link-full_width elementor-widget elementor-widget-icon-list\" data-id=\"ad6181f\" data-element_type=\"widget\" data-e-type=\"widget\" data-widget_type=\"icon-list.default\">\n\t\t\t\t<div class=\"elementor-widget-container\">\n\t\t\t\t\t\t\t<ul class=\"elementor-icon-list-items elementor-inline-items\">\n\t\t\t\t\t\t\t<li class=\"elementor-icon-list-item elementor-inline-item\">\n\t\t\t\t\t\t\t\t\t\t\t<a href=\"\/en\/\">\n\n\t\t\t\t\t\t\t\t\t\t\t<span class=\"elementor-icon-list-text\">Home<\/span>\n\t\t\t\t\t\t\t\t\t\t\t<\/a>\n\t\t\t\t\t\t\t\t\t<\/li>\n\t\t\t\t\t\t\t\t<li class=\"elementor-icon-list-item elementor-inline-item\">\n\t\t\t\t\t\t\t\t\t\t\t<span class=\"elementor-icon-list-icon\">\n\t\t\t\t\t\t\t<svg aria-hidden=\"true\" class=\"e-font-icon-svg e-fas-angle-right\" viewbox=\"0 0 256 512\" xmlns=\"http:\/\/www.w3.org\/2000\/svg\"><path d=\"M224.3 273l-136 136c-9.4 9.4-24.6 9.4-33.9 0l-22.6-22.6c-9.4-9.4-9.4-24.6 0-33.9l96.4-96.4-96.4-96.4c-9.4-9.4-9.4-24.6 0-33.9L54.3 103c9.4-9.4 24.6-9.4 33.9 0l136 136c9.5 9.4 9.5 24.6.1 34z\"><\/path><\/svg>\t\t\t\t\t\t<\/span>\n\t\t\t\t\t\t\t\t\t\t<span class=\"elementor-icon-list-text\">Food &amp; Lounge<\/span>\n\t\t\t\t\t\t\t\t\t<\/li>\n\t\t\t\t\t\t<\/ul>\n\t\t\t\t\t\t<\/div>\n\t\t\t\t<\/div>\n\t\t\t\t\t<\/div>\n\t\t<\/div>\n\t\t\t\t\t<\/div>\n\t\t<\/section>\n\t\t\t\t<section class=\"elementor-section elementor-top-section elementor-element elementor-element-c00be5d elementor-section-boxed elementor-section-height-default elementor-section-height-default wpr-particle-no wpr-jarallax-no wpr-parallax-no wpr-sticky-section-no\" data-id=\"c00be5d\" data-element_type=\"section\" data-e-type=\"section\" data-settings=\"{&quot;background_background&quot;:&quot;classic&quot;}\">\n\t\t\t\t\t\t<div class=\"elementor-container elementor-column-gap-default\">\n\t\t\t\t\t<div class=\"elementor-column elementor-col-100 elementor-top-column elementor-element elementor-element-2cd8f81\" data-id=\"2cd8f81\" data-element_type=\"column\" data-e-type=\"column\">\n\t\t\t<div class=\"elementor-widget-wrap elementor-element-populated\">\n\t\t\t\t\t\t<section class=\"elementor-section elementor-inner-section elementor-element elementor-element-eacb060 elementor-section-boxed elementor-section-height-default elementor-section-height-default wpr-particle-no wpr-jarallax-no wpr-parallax-no wpr-sticky-section-no elementor-invisible\" data-id=\"eacb060\" data-element_type=\"section\" data-e-type=\"section\" data-settings=\"{&quot;animation&quot;:&quot;fadeInUp&quot;}\">\n\t\t\t\t\t\t<div class=\"elementor-container elementor-column-gap-default\">\n\t\t\t\t\t<div class=\"elementor-column elementor-col-100 elementor-inner-column elementor-element elementor-element-9b2842b\" data-id=\"9b2842b\" data-element_type=\"column\" data-e-type=\"column\">\n\t\t\t<div class=\"elementor-widget-wrap elementor-element-populated\">\n\t\t\t\t\t\t<div class=\"elementor-element elementor-element-b8ac6ae elementor-widget elementor-widget-heading\" data-id=\"b8ac6ae\" data-element_type=\"widget\" data-e-type=\"widget\" data-widget_type=\"heading.default\">\n\t\t\t\t<div class=\"elementor-widget-container\">\n\t\t\t\t\t<h3 class=\"elementor-heading-title elementor-size-default\">Lounge Area<\/h3>\t\t\t\t<\/div>\n\t\t\t\t<\/div>\n\t\t\t\t\t<\/div>\n\t\t<\/div>\n\t\t\t\t\t<\/div>\n\t\t<\/section>\n\t\t\t\t<section class=\"elementor-section elementor-inner-section elementor-element elementor-element-a4b2bf7 elementor-section-boxed elementor-section-height-default elementor-section-height-default wpr-particle-no wpr-jarallax-no wpr-parallax-no wpr-sticky-section-no elementor-invisible\" data-id=\"a4b2bf7\" data-element_type=\"section\" data-e-type=\"section\" data-settings=\"{&quot;animation&quot;:&quot;fadeInUp&quot;}\">\n\t\t\t\t\t\t<div class=\"elementor-container elementor-column-gap-default\">\n\t\t\t\t\t<div class=\"elementor-column elementor-col-50 elementor-inner-column elementor-element elementor-element-4520388\" data-id=\"4520388\" data-element_type=\"column\" data-e-type=\"column\">\n\t\t\t<div class=\"elementor-widget-wrap elementor-element-populated\">\n\t\t\t\t\t\t<div class=\"elementor-element elementor-element-d2ee6b2 elementor-hidden-tablet elementor-hidden-mobile elementor-widget elementor-widget-image\" data-id=\"d2ee6b2\" data-element_type=\"widget\" data-e-type=\"widget\" data-widget_type=\"image.default\">\n\t\t\t\t<div class=\"elementor-widget-container\">\n\t\t\t\t\t\t\t\t\t\t\t\t\t\t\t<img fetchpriority=\"high\" decoding=\"async\" width=\"600\" height=\"430\" src=\"https:\/\/lesc.ch\/wp-content\/uploads\/2024\/12\/Lounge_600_430.jpg\" class=\"attachment-full size-full wp-image-7997\" alt=\"Lounge vom Escape Room Buchs f\u00fcr einen Drink oder Austausch\" \/>\t\t\t\t\t\t\t\t\t\t\t\t\t\t\t<\/div>\n\t\t\t\t<\/div>\n\t\t\t\t<div class=\"elementor-element elementor-element-0853151 elementor-hidden-desktop elementor-hidden-laptop elementor-widget elementor-widget-image\" data-id=\"0853151\" data-element_type=\"widget\" data-e-type=\"widget\" data-widget_type=\"image.default\">\n\t\t\t\t<div class=\"elementor-widget-container\">\n\t\t\t\t\t\t\t\t\t\t\t\t\t\t\t<img decoding=\"async\" width=\"600\" height=\"800\" src=\"https:\/\/lesc.ch\/wp-content\/uploads\/2024\/12\/Lounge_Website-1.jpg\" class=\"attachment-full size-full wp-image-8002\" alt=\"Lounge vom Escape Room Buchs f\u00fcr einen Drink oder Austausch\" \/>\t\t\t\t\t\t\t\t\t\t\t\t\t\t\t<\/div>\n\t\t\t\t<\/div>\n\t\t\t\t\t<\/div>\n\t\t<\/div>\n\t\t\t\t<div class=\"elementor-column elementor-col-50 elementor-inner-column elementor-element elementor-element-c706468\" data-id=\"c706468\" data-element_type=\"column\" data-e-type=\"column\">\n\t\t\t<div class=\"elementor-widget-wrap elementor-element-populated\">\n\t\t\t\t\t\t<div class=\"elementor-element elementor-element-c841cc9 elementor-widget elementor-widget-text-editor\" data-id=\"c841cc9\" data-element_type=\"widget\" data-e-type=\"widget\" data-widget_type=\"text-editor.default\">\n\t\t\t\t<div class=\"elementor-widget-container\">\n\t\t\t\t\t\t\t\t\t<p>For larger groups or a cozy get-together before\/after the game, we have a lounge. In addition, we are happy to offer you catering for before\/after the game in cooperation with the Merz bakery. The products can be chosen from the range of the Merz bakery: (Link: <a href=\"https:\/\/merz.swiss\/media\/uploads\/downloads\/2\/documents\/merz-katalog-apero-2025.pdf\" target=\"_blank\" rel=\"noopener\"><strong><span style=\"color: #ff0000;\">Apero<\/span><\/strong><\/a> or <a href=\"https:\/\/merz.swiss\/media\/uploads\/downloads\/4\/documents\/merz-katalog-torten-und-festtorten.pdf\"><strong><span style=\"color: #ff0000;\">Feine Kuchen<\/span><\/strong><\/a>). You can easily write down your order in the comment field when <a href=\"\/en\/booking\/\"><strong><span style=\"color: #ff0000;\">booking<\/span><\/strong><\/a> or make an inquiry via the <a href=\"\/en\/contact-us\/\"><strong><span style=\"color: #ff0000;\">Contact Form<\/span><\/strong><\/a> stellen. Es wird nur der Merz-Katalogpreis sowie eine Geb\u00fchr von 8CHF f\u00fcr Reinigung, Servietten, Trinkbecher, Teller und Besteck verrechnet. Zur Erfrischung haben wir ein breites Angebot an Softdrinks, Bier und Moskato vor Ort, welche einfach durch euren Game Master bezogen werden k\u00f6nnen.<\/p>\t\t\t\t\t\t\t\t<\/div>\n\t\t\t\t<\/div>\n\t\t\t\t<div class=\"elementor-element elementor-element-bf2c2ea elementor-widget elementor-widget-button\" data-id=\"bf2c2ea\" data-element_type=\"widget\" data-e-type=\"widget\" data-widget_type=\"button.default\">\n\t\t\t\t<div class=\"elementor-widget-container\">\n\t\t\t\t\t\t\t\t\t<div class=\"elementor-button-wrapper\">\n\t\t\t\t\t<a class=\"elementor-button elementor-size-sm\" role=\"button\">\n\t\t\t\t\t\t<span class=\"elementor-button-content-wrapper\">\n\t\t\t\t\t\t\t\t\t<span class=\"elementor-button-text\">A table with 6 chairs and a 2-seater sofa are waiting for you in our lounge area.<\/span>\n\t\t\t\t\t<\/span>\n\t\t\t\t\t<\/a>\n\t\t\t\t<\/div>\n\t\t\t\t\t\t\t\t<\/div>\n\t\t\t\t<\/div>\n\t\t\t\t\t<\/div>\n\t\t<\/div>\n\t\t\t\t\t<\/div>\n\t\t<\/section>\n\t\t\t\t\t<\/div>\n\t\t<\/div>\n\t\t\t\t\t<\/div>\n\t\t<\/section>\n\t\t\t\t<section class=\"elementor-section elementor-top-section elementor-element elementor-element-b3633a6 elementor-section-boxed elementor-section-height-default elementor-section-height-default wpr-particle-no wpr-jarallax-no wpr-parallax-no wpr-sticky-section-no\" data-id=\"b3633a6\" data-element_type=\"section\" data-e-type=\"section\" data-settings=\"{&quot;background_background&quot;:&quot;classic&quot;}\">\n\t\t\t\t\t\t<div class=\"elementor-container elementor-column-gap-default\">\n\t\t\t\t\t<div class=\"elementor-column elementor-col-100 elementor-top-column elementor-element elementor-element-4c78231\" data-id=\"4c78231\" data-element_type=\"column\" data-e-type=\"column\">\n\t\t\t<div class=\"elementor-widget-wrap elementor-element-populated\">\n\t\t\t\t\t\t<section class=\"elementor-section elementor-inner-section elementor-element elementor-element-6d44992 elementor-section-boxed elementor-section-height-default elementor-section-height-default wpr-particle-no wpr-jarallax-no wpr-parallax-no wpr-sticky-section-no elementor-invisible\" data-id=\"6d44992\" data-element_type=\"section\" data-e-type=\"section\" data-settings=\"{&quot;animation&quot;:&quot;fadeInUp&quot;}\">\n\t\t\t\t\t\t<div class=\"elementor-container elementor-column-gap-default\">\n\t\t\t\t\t<div class=\"elementor-column elementor-col-100 elementor-inner-column elementor-element elementor-element-d273c5e\" data-id=\"d273c5e\" data-element_type=\"column\" data-e-type=\"column\">\n\t\t\t<div class=\"elementor-widget-wrap elementor-element-populated\">\n\t\t\t\t\t\t<div class=\"elementor-element elementor-element-bc75300 elementor-widget elementor-widget-heading\" data-id=\"bc75300\" data-element_type=\"widget\" data-e-type=\"widget\" data-widget_type=\"heading.default\">\n\t\t\t\t<div class=\"elementor-widget-container\">\n\t\t\t\t\t<h3 class=\"elementor-heading-title elementor-size-default\">Options \n<\/h3>\t\t\t\t<\/div>\n\t\t\t\t<\/div>\n\t\t\t\t<div class=\"elementor-element elementor-element-dec5bcb elementor-widget elementor-widget-text-editor\" data-id=\"dec5bcb\" data-element_type=\"widget\" data-e-type=\"widget\" data-widget_type=\"text-editor.default\">\n\t\t\t\t<div class=\"elementor-widget-container\">\n\t\t\t\t\t\t\t\t\t<p>Wir bieten auch weitere M\u00f6glichkeiten an, um euren Spassfaktor zu erh\u00f6hen. Bei der Option &#8220;Candy Rush&#8221; werden S\u00fcssigkeiten im Raum verteilt, die beim Spielen gefunden werden k\u00f6nnen. Wenn ihr die Option &#8220;Kindergeburtstag&#8221; w\u00e4hlt, platzieren wir eine Schatztruhe voller S\u00fcssigkeiten f\u00fcr das Geburtstagskind (oder zum Teilen) im Raum. Auch f\u00fcr Erwachsene gibt es etwas: Beim \u201eErwachsenengeburtstag\u201c erwartet euch eine Flasche Moskato inkl. Gl\u00e4ser. Beim Zusatz \u201eJunggesell*innenabschied\u201c gibt es neben Getr\u00e4nken f\u00fcr alle (Moskato &amp; Shots \/ Shots) auch zwei Polaroidbilder, die wir gerne von eurer Gruppe schiessen.<\/p>\t\t\t\t\t\t\t\t<\/div>\n\t\t\t\t<\/div>\n\t\t\t\t\t<\/div>\n\t\t<\/div>\n\t\t\t\t\t<\/div>\n\t\t<\/section>\n\t\t\t\t<section class=\"elementor-section elementor-inner-section elementor-element elementor-element-9ff74be elementor-section-boxed elementor-section-height-default elementor-section-height-default wpr-particle-no wpr-jarallax-no wpr-parallax-no wpr-sticky-section-no elementor-invisible\" data-id=\"9ff74be\" data-element_type=\"section\" data-e-type=\"section\" data-settings=\"{&quot;animation&quot;:&quot;fadeInUp&quot;}\">\n\t\t\t\t\t\t<div class=\"elementor-container elementor-column-gap-default\">\n\t\t\t\t\t<div class=\"elementor-column elementor-col-50 elementor-inner-column elementor-element elementor-element-cb81b9d\" data-id=\"cb81b9d\" data-element_type=\"column\" data-e-type=\"column\">\n\t\t\t<div class=\"elementor-widget-wrap elementor-element-populated\">\n\t\t\t\t\t\t<div class=\"elementor-element elementor-element-e74cfb6 elementor-widget elementor-widget-image\" data-id=\"e74cfb6\" data-element_type=\"widget\" data-e-type=\"widget\" data-widget_type=\"image.default\">\n\t\t\t\t<div class=\"elementor-widget-container\">\n\t\t\t\t\t\t\t\t\t\t\t\t\t\t\t<img decoding=\"async\" width=\"400\" height=\"500\" src=\"https:\/\/lesc.ch\/wp-content\/uploads\/2024\/12\/box-chocolate.webp\" class=\"attachment-full size-full wp-image-7970\" alt=\"Kindergeburtstag als Option buchbar\" \/>\t\t\t\t\t\t\t\t\t\t\t\t\t\t\t<\/div>\n\t\t\t\t<\/div>\n\t\t\t\t<div class=\"elementor-element elementor-element-ec6a4e6 elementor-align-center elementor-widget elementor-widget-button\" data-id=\"ec6a4e6\" data-element_type=\"widget\" data-e-type=\"widget\" data-widget_type=\"button.default\">\n\t\t\t\t<div class=\"elementor-widget-container\">\n\t\t\t\t\t\t\t\t\t<div class=\"elementor-button-wrapper\">\n\t\t\t\t\t<a class=\"elementor-button elementor-size-sm\" role=\"button\">\n\t\t\t\t\t\t<span class=\"elementor-button-content-wrapper\">\n\t\t\t\t\t\t\t\t\t<span class=\"elementor-button-text\">Children's Birthday<\/span>\n\t\t\t\t\t<\/span>\n\t\t\t\t\t<\/a>\n\t\t\t\t<\/div>\n\t\t\t\t\t\t\t\t<\/div>\n\t\t\t\t<\/div>\n\t\t\t\t\t<\/div>\n\t\t<\/div>\n\t\t\t\t<div class=\"elementor-column elementor-col-50 elementor-inner-column elementor-element elementor-element-5b9a089\" data-id=\"5b9a089\" data-element_type=\"column\" data-e-type=\"column\">\n\t\t\t<div class=\"elementor-widget-wrap elementor-element-populated\">\n\t\t\t\t\t\t<div class=\"elementor-element elementor-element-b584fa3 elementor-widget elementor-widget-image\" data-id=\"b584fa3\" data-element_type=\"widget\" data-e-type=\"widget\" data-widget_type=\"image.default\">\n\t\t\t\t<div class=\"elementor-widget-container\">\n\t\t\t\t\t\t\t\t\t\t\t\t\t\t\t<img loading=\"lazy\" decoding=\"async\" width=\"400\" height=\"500\" src=\"https:\/\/lesc.ch\/wp-content\/uploads\/2024\/12\/chocolate.webp\" class=\"attachment-full size-full wp-image-7971\" alt=\"Candy Rush als Option buchbar\" \/>\t\t\t\t\t\t\t\t\t\t\t\t\t\t\t<\/div>\n\t\t\t\t<\/div>\n\t\t\t\t<div class=\"elementor-element elementor-element-0757ab2 elementor-align-center elementor-widget elementor-widget-button\" data-id=\"0757ab2\" data-element_type=\"widget\" data-e-type=\"widget\" data-widget_type=\"button.default\">\n\t\t\t\t<div class=\"elementor-widget-container\">\n\t\t\t\t\t\t\t\t\t<div class=\"elementor-button-wrapper\">\n\t\t\t\t\t<a class=\"elementor-button elementor-size-sm\" role=\"button\">\n\t\t\t\t\t\t<span class=\"elementor-button-content-wrapper\">\n\t\t\t\t\t\t\t\t\t<span class=\"elementor-button-text\">Candy Rush (contents for 4 people)<\/span>\n\t\t\t\t\t<\/span>\n\t\t\t\t\t<\/a>\n\t\t\t\t<\/div>\n\t\t\t\t\t\t\t\t<\/div>\n\t\t\t\t<\/div>\n\t\t\t\t\t<\/div>\n\t\t<\/div>\n\t\t\t\t\t<\/div>\n\t\t<\/section>\n\t\t\t\t\t<\/div>\n\t\t<\/div>\n\t\t\t\t\t<\/div>\n\t\t<\/section>\n\t\t\t\t<\/div>","protected":false},"excerpt":{"rendered":"<p>Essen &amp; Lounge Home Essen &amp; Lounge Lounge F\u00fcr gr\u00f6ssere Gruppen oder ein gem\u00fctliches Beisammensein vor\/nach dem Spiel haben wir eine Lounge. Ausserdem bieten wir euch gerne in Zusammenarbeit mit der B\u00e4ckerei Merz ein Catering f\u00fcr vor\/nach dem Spiel an. Die Produkte k\u00f6nnen aus dem Sortiment der B\u00e4ckerei Merz gew\u00e4hlt werden: (Link: Apero und Feine Kuchen). Deine Bestellung kannst du<\/p>","protected":false},"author":3,"featured_media":0,"parent":0,"menu_order":0,"comment_status":"closed","ping_status":"closed","template":"blank-builder.php","meta":{"_uag_custom_page_level_css":"","footnotes":""},"class_list":["post-4751","page","type-page","status-publish","hentry"],"yoast_head":"<!-- This site is optimized with the Yoast SEO plugin v27.3 - https:\/\/yoast.com\/product\/yoast-seo-wordpress\/ -->\n<title>Food &amp; Lounge - LESC<\/title>\n<meta name=\"robots\" content=\"index, follow, max-snippet:-1, max-image-preview:large, max-video-preview:-1\" \/>\n<link rel=\"canonical\" href=\"https:\/\/lesc.ch\/en\/food-lounge\/\" \/>\n<meta property=\"og:locale\" content=\"en_US\" \/>\n<meta property=\"og:type\" content=\"article\" \/>\n<meta property=\"og:title\" content=\"Food &amp; Lounge - LESC\" \/>\n<meta property=\"og:description\" content=\"Essen &amp; Lounge Home Essen &amp; Lounge Lounge F\u00fcr gr\u00f6ssere Gruppen oder ein gem\u00fctliches Beisammensein vor\/nach dem Spiel haben wir eine Lounge. Ausserdem bieten wir euch gerne in Zusammenarbeit mit der B\u00e4ckerei Merz ein Catering f\u00fcr vor\/nach dem Spiel an. Die Produkte k\u00f6nnen aus dem Sortiment der B\u00e4ckerei Merz gew\u00e4hlt werden: (Link: Apero und Feine Kuchen). Deine Bestellung kannst du\" \/>\n<meta property=\"og:url\" content=\"https:\/\/lesc.ch\/en\/food-lounge\/\" \/>\n<meta property=\"og:site_name\" content=\"LESC\" \/>\n<meta property=\"article:publisher\" content=\"https:\/\/www.facebook.com\/people\/LESC-Live-Escape-Rooms-Buchs\/100028021046978\/\" \/>\n<meta property=\"article:modified_time\" content=\"2026-02-21T11:56:19+00:00\" \/>\n<meta property=\"og:image\" content=\"https:\/\/lesc.ch\/wp-content\/uploads\/2024\/12\/Lounge_600_430.jpg\" \/>\n\t<meta property=\"og:image:width\" content=\"600\" \/>\n\t<meta property=\"og:image:height\" content=\"430\" \/>\n\t<meta property=\"og:image:type\" content=\"image\/jpeg\" \/>\n<meta name=\"twitter:card\" content=\"summary_large_image\" \/>\n<meta name=\"twitter:label1\" content=\"Est. reading time\" \/>\n\t<meta name=\"twitter:data1\" content=\"2 minutes\" \/>\n<script type=\"application\/ld+json\" class=\"yoast-schema-graph\">{\"@context\":\"https:\\\/\\\/schema.org\",\"@graph\":[{\"@type\":\"WebPage\",\"@id\":\"https:\\\/\\\/lesc.ch\\\/food-lounge\\\/\",\"url\":\"https:\\\/\\\/lesc.ch\\\/food-lounge\\\/\",\"name\":\"Food & Lounge - LESC\",\"isPartOf\":{\"@id\":\"https:\\\/\\\/lesc.ch\\\/#website\"},\"primaryImageOfPage\":{\"@id\":\"https:\\\/\\\/lesc.ch\\\/food-lounge\\\/#primaryimage\"},\"image\":{\"@id\":\"https:\\\/\\\/lesc.ch\\\/food-lounge\\\/#primaryimage\"},\"thumbnailUrl\":\"https:\\\/\\\/lesc.ch\\\/wp-content\\\/uploads\\\/2024\\\/12\\\/Lounge_600_430.jpg\",\"datePublished\":\"2024-08-09T05:24:21+00:00\",\"dateModified\":\"2026-02-21T11:56:19+00:00\",\"breadcrumb\":{\"@id\":\"https:\\\/\\\/lesc.ch\\\/food-lounge\\\/#breadcrumb\"},\"inLanguage\":\"en-US\",\"potentialAction\":[{\"@type\":\"ReadAction\",\"target\":[\"https:\\\/\\\/lesc.ch\\\/food-lounge\\\/\"]}]},{\"@type\":\"ImageObject\",\"inLanguage\":\"en-US\",\"@id\":\"https:\\\/\\\/lesc.ch\\\/food-lounge\\\/#primaryimage\",\"url\":\"https:\\\/\\\/lesc.ch\\\/wp-content\\\/uploads\\\/2024\\\/12\\\/Lounge_600_430.jpg\",\"contentUrl\":\"https:\\\/\\\/lesc.ch\\\/wp-content\\\/uploads\\\/2024\\\/12\\\/Lounge_600_430.jpg\"},{\"@type\":\"BreadcrumbList\",\"@id\":\"https:\\\/\\\/lesc.ch\\\/food-lounge\\\/#breadcrumb\",\"itemListElement\":[{\"@type\":\"ListItem\",\"position\":1,\"name\":\"Home\",\"item\":\"https:\\\/\\\/lesc.ch\\\/\"},{\"@type\":\"ListItem\",\"position\":2,\"name\":\"Food &#038; Lounge\"}]},{\"@type\":\"WebSite\",\"@id\":\"https:\\\/\\\/lesc.ch\\\/#website\",\"url\":\"https:\\\/\\\/lesc.ch\\\/\",\"name\":\"LESC - Live Escape Rooms Buchs\",\"description\":\"\",\"publisher\":{\"@id\":\"https:\\\/\\\/lesc.ch\\\/#organization\"},\"potentialAction\":[{\"@type\":\"SearchAction\",\"target\":{\"@type\":\"EntryPoint\",\"urlTemplate\":\"https:\\\/\\\/lesc.ch\\\/?s={search_term_string}\"},\"query-input\":{\"@type\":\"PropertyValueSpecification\",\"valueRequired\":true,\"valueName\":\"search_term_string\"}}],\"inLanguage\":\"en-US\"},{\"@type\":\"Organization\",\"@id\":\"https:\\\/\\\/lesc.ch\\\/#organization\",\"name\":\"LESC\",\"url\":\"https:\\\/\\\/lesc.ch\\\/\",\"logo\":{\"@type\":\"ImageObject\",\"inLanguage\":\"en-US\",\"@id\":\"https:\\\/\\\/lesc.ch\\\/#\\\/schema\\\/logo\\\/image\\\/\",\"url\":\"https:\\\/\\\/lesc.ch\\\/wp-content\\\/uploads\\\/2024\\\/07\\\/Logo.jpg\",\"contentUrl\":\"https:\\\/\\\/lesc.ch\\\/wp-content\\\/uploads\\\/2024\\\/07\\\/Logo.jpg\",\"width\":415,\"height\":400,\"caption\":\"LESC\"},\"image\":{\"@id\":\"https:\\\/\\\/lesc.ch\\\/#\\\/schema\\\/logo\\\/image\\\/\"},\"sameAs\":[\"https:\\\/\\\/www.facebook.com\\\/people\\\/LESC-Live-Escape-Rooms-Buchs\\\/100028021046978\\\/\",\"https:\\\/\\\/www.instagram.com\\\/lescliveescaperooms\\\/\"]}]}<\/script>\n<!-- \/ Yoast SEO plugin. -->","yoast_head_json":{"title":"Food & Lounge - LESC","robots":{"index":"index","follow":"follow","max-snippet":"max-snippet:-1","max-image-preview":"max-image-preview:large","max-video-preview":"max-video-preview:-1"},"canonical":"https:\/\/lesc.ch\/en\/food-lounge\/","og_locale":"en_US","og_type":"article","og_title":"Food & Lounge - LESC","og_description":"Essen &amp; Lounge Home Essen &amp; Lounge Lounge F\u00fcr gr\u00f6ssere Gruppen oder ein gem\u00fctliches Beisammensein vor\/nach dem Spiel haben wir eine Lounge. Ausserdem bieten wir euch gerne in Zusammenarbeit mit der B\u00e4ckerei Merz ein Catering f\u00fcr vor\/nach dem Spiel an. Die Produkte k\u00f6nnen aus dem Sortiment der B\u00e4ckerei Merz gew\u00e4hlt werden: (Link: Apero und Feine Kuchen). Deine Bestellung kannst du","og_url":"https:\/\/lesc.ch\/en\/food-lounge\/","og_site_name":"LESC","article_publisher":"https:\/\/www.facebook.com\/people\/LESC-Live-Escape-Rooms-Buchs\/100028021046978\/","article_modified_time":"2026-02-21T11:56:19+00:00","og_image":[{"width":600,"height":430,"url":"https:\/\/lesc.ch\/wp-content\/uploads\/2024\/12\/Lounge_600_430.jpg","type":"image\/jpeg"}],"twitter_card":"summary_large_image","twitter_misc":{"Est. reading time":"2 minutes"},"schema":{"@context":"https:\/\/schema.org","@graph":[{"@type":"WebPage","@id":"https:\/\/lesc.ch\/food-lounge\/","url":"https:\/\/lesc.ch\/food-lounge\/","name":"Food & Lounge - LESC","isPartOf":{"@id":"https:\/\/lesc.ch\/#website"},"primaryImageOfPage":{"@id":"https:\/\/lesc.ch\/food-lounge\/#primaryimage"},"image":{"@id":"https:\/\/lesc.ch\/food-lounge\/#primaryimage"},"thumbnailUrl":"https:\/\/lesc.ch\/wp-content\/uploads\/2024\/12\/Lounge_600_430.jpg","datePublished":"2024-08-09T05:24:21+00:00","dateModified":"2026-02-21T11:56:19+00:00","breadcrumb":{"@id":"https:\/\/lesc.ch\/food-lounge\/#breadcrumb"},"inLanguage":"en-US","potentialAction":[{"@type":"ReadAction","target":["https:\/\/lesc.ch\/food-lounge\/"]}]},{"@type":"ImageObject","inLanguage":"en-US","@id":"https:\/\/lesc.ch\/food-lounge\/#primaryimage","url":"https:\/\/lesc.ch\/wp-content\/uploads\/2024\/12\/Lounge_600_430.jpg","contentUrl":"https:\/\/lesc.ch\/wp-content\/uploads\/2024\/12\/Lounge_600_430.jpg"},{"@type":"BreadcrumbList","@id":"https:\/\/lesc.ch\/food-lounge\/#breadcrumb","itemListElement":[{"@type":"ListItem","position":1,"name":"Home","item":"https:\/\/lesc.ch\/"},{"@type":"ListItem","position":2,"name":"Food &#038; Lounge"}]},{"@type":"WebSite","@id":"https:\/\/lesc.ch\/#website","url":"https:\/\/lesc.ch\/","name":"LESC - Live Escape Rooms Buchs","description":"","publisher":{"@id":"https:\/\/lesc.ch\/#organization"},"potentialAction":[{"@type":"SearchAction","target":{"@type":"EntryPoint","urlTemplate":"https:\/\/lesc.ch\/?s={search_term_string}"},"query-input":{"@type":"PropertyValueSpecification","valueRequired":true,"valueName":"search_term_string"}}],"inLanguage":"en-US"},{"@type":"Organization","@id":"https:\/\/lesc.ch\/#organization","name":"LESC","url":"https:\/\/lesc.ch\/","logo":{"@type":"ImageObject","inLanguage":"en-US","@id":"https:\/\/lesc.ch\/#\/schema\/logo\/image\/","url":"https:\/\/lesc.ch\/wp-content\/uploads\/2024\/07\/Logo.jpg","contentUrl":"https:\/\/lesc.ch\/wp-content\/uploads\/2024\/07\/Logo.jpg","width":415,"height":400,"caption":"LESC"},"image":{"@id":"https:\/\/lesc.ch\/#\/schema\/logo\/image\/"},"sameAs":["https:\/\/www.facebook.com\/people\/LESC-Live-Escape-Rooms-Buchs\/100028021046978\/","https:\/\/www.instagram.com\/lescliveescaperooms\/"]}]}},"uagb_featured_image_src":{"full":false,"thumbnail":false,"medium":false,"medium_large":false,"large":false,"1536x1536":false,"2048x2048":false,"trp-custom-language-flag":false,"bim-related-post":false,"avo-gallery":false},"uagb_author_info":{"display_name":"admin-lesc.ch","author_link":"https:\/\/lesc.ch\/en\/author\/admin-lesc-ch\/"},"uagb_comment_info":0,"uagb_excerpt":"Essen &amp; Lounge Home Essen &amp; Lounge Lounge F\u00fcr gr\u00f6ssere Gruppen oder ein gem\u00fctliches Beisammensein vor\/nach dem Spiel haben wir eine Lounge. Ausserdem bieten wir euch gerne in Zusammenarbeit mit der B\u00e4ckerei Merz ein Catering f\u00fcr vor\/nach dem Spiel an. Die Produkte k\u00f6nnen aus dem Sortiment der B\u00e4ckerei Merz gew\u00e4hlt werden: (Link: Apero und Feine&hellip;","_links":{"self":[{"href":"https:\/\/lesc.ch\/en\/wp-json\/wp\/v2\/pages\/4751","targetHints":{"allow":["GET"]}}],"collection":[{"href":"https:\/\/lesc.ch\/en\/wp-json\/wp\/v2\/pages"}],"about":[{"href":"https:\/\/lesc.ch\/en\/wp-json\/wp\/v2\/types\/page"}],"author":[{"embeddable":true,"href":"https:\/\/lesc.ch\/en\/wp-json\/wp\/v2\/users\/3"}],"replies":[{"embeddable":true,"href":"https:\/\/lesc.ch\/en\/wp-json\/wp\/v2\/comments?post=4751"}],"version-history":[{"count":9,"href":"https:\/\/lesc.ch\/en\/wp-json\/wp\/v2\/pages\/4751\/revisions"}],"predecessor-version":[{"id":8930,"href":"https:\/\/lesc.ch\/en\/wp-json\/wp\/v2\/pages\/4751\/revisions\/8930"}],"wp:attachment":[{"href":"https:\/\/lesc.ch\/en\/wp-json\/wp\/v2\/media?parent=4751"}],"curies":[{"name":"wp","href":"https:\/\/api.w.org\/{rel}","templated":true}]}}