{"id":3159,"date":"2019-05-12T07:49:31","date_gmt":"2019-05-12T07:49:31","guid":{"rendered":"http:\/\/innovationplans.com\/themes\/bim\/wp\/?page_id=3"},"modified":"2024-08-17T11:12:05","modified_gmt":"2024-08-17T11:12:05","slug":"terms-and-conditions","status":"publish","type":"page","link":"https:\/\/lesc.ch\/en\/terms-and-conditions\/","title":{"rendered":"Terms and Conditions"},"content":{"rendered":"<div data-elementor-type=\"wp-page\" data-elementor-id=\"3159\" class=\"elementor elementor-3159\">\n\t\t\t\t<div class=\"elementor-element elementor-element-6cc4f102 e-flex e-con-boxed wpr-particle-no wpr-jarallax-no wpr-parallax-no wpr-sticky-section-no e-con e-parent\" data-id=\"6cc4f102\" data-element_type=\"container\" data-e-type=\"container\">\n\t\t\t\t\t<div class=\"e-con-inner\">\n\t\t\t\t<div class=\"elementor-element elementor-element-5f5955d0 elementor-widget elementor-widget-text-editor\" data-id=\"5f5955d0\" data-element_type=\"widget\" data-e-type=\"widget\" data-widget_type=\"text-editor.default\">\n\t\t\t\t<div class=\"elementor-widget-container\">\n\t\t\t\t\t\t\t\t\t\n<h5 class=\"wp-block-heading\"><strong>Allgemeine Gesch\u00e4ftsbedingungen (AGB<\/strong>)<\/h5>\n<p>\u00a0<\/p>\n<ol>\n<li>\n<p><span style=\"color: #000000;\"><strong> Vertragsgegenstand<\/strong><\/span><\/p>\n<\/li>\n<\/ol>\n<p>Die Allgemeinen Gesch\u00e4ftsbedingungen (AGB) regeln die Rechtsbeziehungen zwischen Ihnen und der Live Escape Rooms Buchs KIG (nachfolgend LESC genannt) beziehend auf die von uns angebotenen Dienstleistungen.<\/p>\n<ol start=\"2\">\n<li><span style=\"color: #000000;\"><strong> Vertragsabschluss<\/strong><\/span><\/li>\n<\/ol>\n<p>Reservationen k\u00f6nnen \u00fcber das Buchungssystem auf www.lesc.ch oder per E-Mail an info@lesc.ch get\u00e4tigt werden. Eine Reservation ist erst g\u00fcltig, wenn diese durch uns per Email best\u00e4tigt wird. Mit einer Reservation anerkennt der Kunde die allgemeinen Gesch\u00e4ftsbedingungen, die aktuell g\u00fcltig sind.<\/p>\n<ol start=\"3\">\n<li><span style=\"color: #000000;\"><strong> Dienstleistungen<\/strong><\/span><\/li>\n<\/ol>\n<p>Unsere Leistungen ergeben sich aus der Leistungsbeschreibung gem\u00e4ss unserer Webseite. Sonderw\u00fcnsche seitens des Kunden sind nur Vertragsbestandteil, wenn sie von der Buchungsstelle schriftlich best\u00e4tigt worden sind. Die Leistungen der LESC beginnen mit dem Eintreffen der Teilnehmer am Standort. F\u00fcr die Anreise und das rechtzeitige Eintreffen ist jeder Teilnehmer selber verantwortlich. Zu beachten ist, dass die Zeitfenster f\u00fcr jede Gruppe separat reserviert werden und der Raum entsprechend vorbereitet wird. Bei einem Zusp\u00e4tkommen verf\u00e4llt der Anspruch auf die bezahlte Leistung, ein Anspruch auf eine Ersatzleistung besteht nicht.<\/p>\n<ol start=\"4\">\n<li><span style=\"color: #000000;\"><strong> Price overview<\/strong><\/span><\/li>\n<\/ol>\n<p>Die Preise f\u00fcr die Leistungen sind online in der Rubrik Preise ersichtlich respektive ergeben sich aus dem entsprechenden Buchungsumfang. Die Preise verstehen sich, wenn nichts Anderes bei der Ausschreibung erw\u00e4hnt ist, f\u00fcr die ganze Gruppe in Schweizer Franken (CHF). Es sind jeweils die bei der Buchung g\u00fcltigen Preise massgebend.<\/p>\n<ol start=\"5\">\n<li><span style=\"color: #000000;\"><strong> Zahlungsbedingungen<\/strong><\/span><\/li>\n<\/ol>\n<p>Die Zahlungsbedingungen sind im Buchungssystem festgelegt. Bei einer Bezahlung auf Rechnung (Firmenkunden, Spezialarrangements, Team Events \u2026) ist der auf der Buchungsbest\u00e4tigung vermerkte Betrag geschuldet, sobald die verbindliche Buchungsbest\u00e4tigung ausgestellt wurde. Die Rechnung ist, sofern nicht anders vereinbart, bis sp\u00e4testens 14 Tage nach Rechnungsstellung zu begleichen. Bei Nicht-Erscheinen ohne Absage mindestens 24 Stunden vor dem Termin wird eine Geb\u00fchr von 50CHF berechnet werden.<\/p>\n<ol start=\"6\">\n<li><span style=\"color: #000000;\"><strong> Teilnahmebedingungen<\/strong><\/span><\/li>\n<\/ol>\n<p>Die maximale Anzahl Teilnehmer pro Spiel entnehmen sie der Beschreibung des Raums. Gr\u00f6ssere Gruppen sind nur nach Absprache m\u00f6glich, wir werden Ihnen dazu eine passende L\u00f6sung vorschlagen. Das Mindestalter f\u00fcr die Teilnahme betr\u00e4gt 8 Jahre. Die Teilnahme von Personen unter 14 Jahren ist nur in Begleitung eines Erwachsenen m\u00f6glich. Die Mitnahme von elektronischen Ger\u00e4ten (Mobiltelefonen, Musikger\u00e4ten etc.) und Magnetkarten (Kreditkarten, Badges etc.) erfolgt auf eigene Gefahr. Solche Gegenst\u00e4nde k\u00f6nnen bei uns kostenfrei deponiert werden.<\/p>\n<p>F\u00fcr den Raum \u201cSave the Train\u201d gilt aus Sicherheitsgr\u00fcnden ein striktes Verbot von elektronischen Implantaten. Die kritischen R\u00e4tsel k\u00f6nnen jedoch vorab manuell deaktiviert werden. Melden Sie uns deshalb zwingend ob sich eine Person mit elektronischen Implantaten in Ihrer Gruppe befindet.<\/p>\n<ol start=\"7\">\n<li><span style=\"color: #000000;\"><strong> Nutzungsbedingungen<\/strong><\/span><\/li>\n<\/ol>\n<p>Die Teilnahme erfolgt auf eigenes Risiko. Die Versicherung ist Sache der Teilnehmer bzw. der gesetzlichen Vertreter der Teilnehmer, falls diese minderj\u00e4hrig sind. Die Teilnehmer haften f\u00fcr alle von ihnen verursachten Sch\u00e4den an Einrichtung und Gegenst\u00e4nden vollumf\u00e4nglich. Die Konsumation von Esswaren aller Art ist w\u00e4hrend des Aufenthalts in den Spielr\u00e4umen untersagt, wiederverschliessbare Getr\u00e4nke sind erlaubt. Das Fotografieren und Aufzeichnen von Videos ist in den R\u00e4umen ist ebenfalls untersagt. Den Anweisungen des Spielleiters ist unbedingt Folge zu leisten.<\/p>\n<ol start=\"8\">\n<li><span style=\"color: #000000;\"><strong> Annullierung (Kunde)<\/strong><\/span><\/li>\n<\/ol>\n<p>Nach Zustandekommen des rechtsg\u00fcltigen Vertrages gem\u00e4ss Ziffer 2 ist eine \u00c4nderung oder \u00dcbertragung Ihrer Buchung nur nach R\u00fccksprache mit LESC m\u00f6glich. Ein Anspruch darauf besteht nicht. Der Vertragsabschluss bezieht sich im Speziellen auf das gebuchte Spiel und Zeitfenster, sowie die Anzahl teilnehmender Personen. Bei einer Absage\/Stornierung durch den Teilnehmer oder Nichterscheinen zum vereinbarten Zeitpunkt besteht Anspruch auf R\u00fcckerstattung wie folgt:<\/p>\n<ul>\n<li>Stornierung erfolgte 24 Stunden vor Spielbeginn oder mehr: Keine Kosten entstehen<\/li>\n<li>Stornierung erfolgte weniger als 24 Stunden vor Spielbeginn: 50CHF Unkostenbeitrag werden in Rechnung gestellt<\/li>\n<\/ul>\n<p>\u00a0<\/p>\n<ol start=\"9\">\n<li><span style=\"color: #000000;\"><strong> Annullierung (Veranstalter)<\/strong><\/span><\/li>\n<\/ol>\n<p>LESC beh\u00e4lt sich vor, geringf\u00fcgige \u00c4nderungen der Leistungen vorzunehmen. Dies hat keinen Einfluss auf die G\u00fcltigkeit oder den Inhalt des vorliegenden Vertragsgegenstandes. Es kann vorkommen, dass LESC einen Event absagen respektive eine Buchung stornieren muss. In diesem Falle wird der Teilnehmer umgehend informiert und ihm ein gleichwertiges Angebot unterbreitet. Sollte der Teilnehmer nicht auf dieses eintreten k\u00f6nnen, entstehen f\u00fcr den Kunden keine Kosten. Anspruch auf weitere Verg\u00fctungen f\u00fcr Ausgaben oder Verluste sind ausgeschlossen. Der Eintritt an die Veranstaltung kann den Teilnehmern (Gruppe oder einzelne Gruppenmitglieder) ohne Angabe von weiteren Gr\u00fcnden verweigert werden, falls diese unter Alkohol- und\/ oder Drogeneinfluss stehen oder sich anderweitig unzumutbar verhalten. Ein Anspruch auf R\u00fcckerstattung besteht in diesem Falle nicht.<\/p>\n<ol start=\"10\">\n<li><span style=\"color: #000000;\"><strong> H\u00f6here Gewalt<\/strong><\/span><\/li>\n<\/ol>\n<p>Muss die Veranstaltung aufgrund von h\u00f6herer Gewalt abgesagt werden, besteht kein Anspruch auf Entsch\u00e4digung. H\u00f6here Gewalt sind Ereignisse, welche die LESC weder vorhersehen noch abwenden konnte. Dazu geh\u00f6ren namentlich: Krieg, B\u00fcrgerkrieg, Terrorismus, politische Unruhen, Naturkatastrophen, nukleare Ereignisse, Epidemien\/Pandemien, Feuer-\/ Wasserschaden oder gleichwertige Ereignisse.<\/p>\n<ol start=\"11\">\n<li><span style=\"color: #000000;\"><strong> Haftung<\/strong><\/span><\/li>\n<\/ol>\n<p>Die Versicherung ist Sache der Teilnehmer. Die Teilnahme an Spielangeboten von LESC erfolgt auf eigene Verantwortung. LESC stellt sicher, dass die vereinbarten Leistungen mit angemessener Sorgfalt und entsprechenden Kenntnissen erbracht werden. Die Haftung wird durch LESC \u00fcbernommen, falls die vertraglich festgelegten Vereinbarungen aufgrund von Vers\u00e4umnissen der LESC, deren Mitarbeitern oder Lieferanten nicht oder mangelhaft erf\u00fcllt werden. Zu beachten ist, dass es in der Verantwortlichkeit des\/der Teilnehmer(s) liegt, zu beweisen, dass die angemessene Sorgfalt und\/oder Kenntnis nicht erbracht wurde. Eine Haftung gegen\u00fcber den Mitarbeitern und Lieferanten von LESC liegt nur dann vor, wenn diese zum Zeitpunkt der Leistung in einem g\u00fcltigen Vertragsverh\u00e4ltnis zur LESC gestanden haben. LESC \u00fcbernimmt keine Haftung f\u00fcr direkte oder indirekte Sch\u00e4den wie Verletzungen jeglicher Art, Todesf\u00e4lle, Verluste (z. B. von Wertgegenst\u00e4nden oder nicht empfundenem Vergn\u00fcgen) oder \u00c4hnliches. Ebenso wenig \u00fcbernimmt LESC die Haftung f\u00fcr Leistungen gegen\u00fcber Dritten.<\/p>\n<ol start=\"12\">\n<li><span style=\"color: #000000;\"><strong> Datenschutz<\/strong><\/span><\/li>\n<\/ol>\n<p>W\u00e4hrend des Spiels wird die Gruppe mithilfe von in den R\u00e4umen installierten Videokameras durch einen so genannten Spielleiter in Echtzeit begleitet. Diese dienen lediglich dazu, dass der Spielleiter \u00fcber den aktuellen Spielfortschritt der Gruppe informiert ist und bei Bedarf Tipps im Sinne einer Hilfestellung geben kann. Es findet weder eine Speicherung der Bilder noch eine \u00dcbertragung auf weitere Bildschirme oder eine Verwendung f\u00fcr andere Zwecke statt. Die Spielleiter fotografieren die Gruppen nach dem Spiel auf freiwilliger Basis. Diese Fotos k\u00f6nnen nach Absprache mit der Gruppe auf der firmeneigenen Webseite sowie auf Social-Media-Kan\u00e4len publiziert werden.<\/p>\n<ol start=\"13\">\n<li><span style=\"color: #000000;\"><strong> \u00c4nderungen der AGB<\/strong><\/span><\/li>\n<\/ol>\n<p>LESC beh\u00e4lt sich vor, die AGB jederzeit und ohne Ank\u00fcndigung zu \u00e4ndern. Es gilt die jeweils aktuellste nutzbare Fassung auf www.lesc.ch<\/p>\n<ol start=\"14\">\n<li><span style=\"color: #000000;\"><strong> Gerichtsstand<\/strong><\/span><\/li>\n<\/ol>\n<p>Der ausschliessliche Gerichtsstand f\u00fcr allf\u00e4llige Streitigkeiten ist der Sitz der LESC. Anwendbar ist ausschliesslich das schweizerische Recht.<\/p>\n<p>\u00a0<\/p>\n\t\t\t\t\t\t\t\t<\/div>\n\t\t\t\t<\/div>\n\t\t\t\t\t<\/div>\n\t\t\t\t<\/div>\n\t\t\t\t<\/div>","protected":false},"excerpt":{"rendered":"<p>Allgemeine Gesch\u00e4ftsbedingungen (AGB) \u00a0 Vertragsgegenstand Die Allgemeinen Gesch\u00e4ftsbedingungen (AGB) regeln die Rechtsbeziehungen zwischen Ihnen und der Live Escape Rooms Buchs KIG (nachfolgend LESC genannt) beziehend auf die von uns angebotenen Dienstleistungen. Vertragsabschluss Reservationen k\u00f6nnen \u00fcber das Buchungssystem auf www.lesc.ch oder per E-Mail an info@lesc.ch get\u00e4tigt werden. Eine Reservation ist erst g\u00fcltig, wenn diese durch uns per Email best\u00e4tigt wird. Mit<\/p>","protected":false},"author":3,"featured_media":0,"parent":0,"menu_order":0,"comment_status":"closed","ping_status":"closed","template":"elementor_header_footer","meta":{"_uag_custom_page_level_css":"","footnotes":""},"class_list":["post-3159","page","type-page","status-publish","hentry"],"yoast_head":"<!-- This site is optimized with the Yoast SEO plugin v27.3 - https:\/\/yoast.com\/product\/yoast-seo-wordpress\/ -->\n<title>Terms and Conditions - LESC<\/title>\n<meta name=\"robots\" content=\"index, follow, max-snippet:-1, max-image-preview:large, max-video-preview:-1\" \/>\n<link rel=\"canonical\" href=\"https:\/\/lesc.ch\/en\/terms-and-conditions\/\" \/>\n<meta property=\"og:locale\" content=\"en_US\" \/>\n<meta property=\"og:type\" content=\"article\" \/>\n<meta property=\"og:title\" content=\"Terms and Conditions - LESC\" \/>\n<meta property=\"og:description\" content=\"Allgemeine Gesch\u00e4ftsbedingungen (AGB) \u00a0 Vertragsgegenstand Die Allgemeinen Gesch\u00e4ftsbedingungen (AGB) regeln die Rechtsbeziehungen zwischen Ihnen und der Live Escape Rooms Buchs KIG (nachfolgend LESC genannt) beziehend auf die von uns angebotenen Dienstleistungen. Vertragsabschluss Reservationen k\u00f6nnen \u00fcber das Buchungssystem auf www.lesc.ch oder per E-Mail an info@lesc.ch get\u00e4tigt werden. Eine Reservation ist erst g\u00fcltig, wenn diese durch uns per Email best\u00e4tigt wird. Mit\" \/>\n<meta property=\"og:url\" content=\"https:\/\/lesc.ch\/en\/terms-and-conditions\/\" \/>\n<meta property=\"og:site_name\" content=\"LESC\" \/>\n<meta property=\"article:publisher\" content=\"https:\/\/www.facebook.com\/people\/LESC-Live-Escape-Rooms-Buchs\/100028021046978\/\" \/>\n<meta property=\"article:modified_time\" content=\"2024-08-17T11:12:05+00:00\" \/>\n<meta property=\"og:image\" content=\"https:\/\/lesc.ch\/wp-content\/uploads\/2024\/07\/Logo.jpg\" \/>\n\t<meta property=\"og:image:width\" content=\"415\" \/>\n\t<meta property=\"og:image:height\" content=\"400\" \/>\n\t<meta property=\"og:image:type\" content=\"image\/jpeg\" \/>\n<meta name=\"twitter:card\" content=\"summary_large_image\" \/>\n<meta name=\"twitter:label1\" content=\"Est. reading time\" \/>\n\t<meta name=\"twitter:data1\" content=\"5 minutes\" \/>\n<script type=\"application\/ld+json\" class=\"yoast-schema-graph\">{\"@context\":\"https:\\\/\\\/schema.org\",\"@graph\":[{\"@type\":\"WebPage\",\"@id\":\"https:\\\/\\\/lesc.ch\\\/terms-and-conditions\\\/\",\"url\":\"https:\\\/\\\/lesc.ch\\\/terms-and-conditions\\\/\",\"name\":\"Terms and Conditions - LESC\",\"isPartOf\":{\"@id\":\"https:\\\/\\\/lesc.ch\\\/#website\"},\"datePublished\":\"2019-05-12T07:49:31+00:00\",\"dateModified\":\"2024-08-17T11:12:05+00:00\",\"breadcrumb\":{\"@id\":\"https:\\\/\\\/lesc.ch\\\/terms-and-conditions\\\/#breadcrumb\"},\"inLanguage\":\"en-US\",\"potentialAction\":[{\"@type\":\"ReadAction\",\"target\":[\"https:\\\/\\\/lesc.ch\\\/terms-and-conditions\\\/\"]}]},{\"@type\":\"BreadcrumbList\",\"@id\":\"https:\\\/\\\/lesc.ch\\\/terms-and-conditions\\\/#breadcrumb\",\"itemListElement\":[{\"@type\":\"ListItem\",\"position\":1,\"name\":\"Home\",\"item\":\"https:\\\/\\\/lesc.ch\\\/\"},{\"@type\":\"ListItem\",\"position\":2,\"name\":\"Terms and Conditions\"}]},{\"@type\":\"WebSite\",\"@id\":\"https:\\\/\\\/lesc.ch\\\/#website\",\"url\":\"https:\\\/\\\/lesc.ch\\\/\",\"name\":\"LESC - Live Escape Rooms Buchs\",\"description\":\"\",\"publisher\":{\"@id\":\"https:\\\/\\\/lesc.ch\\\/#organization\"},\"potentialAction\":[{\"@type\":\"SearchAction\",\"target\":{\"@type\":\"EntryPoint\",\"urlTemplate\":\"https:\\\/\\\/lesc.ch\\\/?s={search_term_string}\"},\"query-input\":{\"@type\":\"PropertyValueSpecification\",\"valueRequired\":true,\"valueName\":\"search_term_string\"}}],\"inLanguage\":\"en-US\"},{\"@type\":\"Organization\",\"@id\":\"https:\\\/\\\/lesc.ch\\\/#organization\",\"name\":\"LESC\",\"url\":\"https:\\\/\\\/lesc.ch\\\/\",\"logo\":{\"@type\":\"ImageObject\",\"inLanguage\":\"en-US\",\"@id\":\"https:\\\/\\\/lesc.ch\\\/#\\\/schema\\\/logo\\\/image\\\/\",\"url\":\"https:\\\/\\\/lesc.ch\\\/wp-content\\\/uploads\\\/2024\\\/07\\\/Logo.jpg\",\"contentUrl\":\"https:\\\/\\\/lesc.ch\\\/wp-content\\\/uploads\\\/2024\\\/07\\\/Logo.jpg\",\"width\":415,\"height\":400,\"caption\":\"LESC\"},\"image\":{\"@id\":\"https:\\\/\\\/lesc.ch\\\/#\\\/schema\\\/logo\\\/image\\\/\"},\"sameAs\":[\"https:\\\/\\\/www.facebook.com\\\/people\\\/LESC-Live-Escape-Rooms-Buchs\\\/100028021046978\\\/\",\"https:\\\/\\\/www.instagram.com\\\/lescliveescaperooms\\\/\"]}]}<\/script>\n<!-- \/ Yoast SEO plugin. -->","yoast_head_json":{"title":"Terms and Conditions - LESC","robots":{"index":"index","follow":"follow","max-snippet":"max-snippet:-1","max-image-preview":"max-image-preview:large","max-video-preview":"max-video-preview:-1"},"canonical":"https:\/\/lesc.ch\/en\/terms-and-conditions\/","og_locale":"en_US","og_type":"article","og_title":"Terms and Conditions - LESC","og_description":"Allgemeine Gesch\u00e4ftsbedingungen (AGB) \u00a0 Vertragsgegenstand Die Allgemeinen Gesch\u00e4ftsbedingungen (AGB) regeln die Rechtsbeziehungen zwischen Ihnen und der Live Escape Rooms Buchs KIG (nachfolgend LESC genannt) beziehend auf die von uns angebotenen Dienstleistungen. Vertragsabschluss Reservationen k\u00f6nnen \u00fcber das Buchungssystem auf www.lesc.ch oder per E-Mail an info@lesc.ch get\u00e4tigt werden. Eine Reservation ist erst g\u00fcltig, wenn diese durch uns per Email best\u00e4tigt wird. Mit","og_url":"https:\/\/lesc.ch\/en\/terms-and-conditions\/","og_site_name":"LESC","article_publisher":"https:\/\/www.facebook.com\/people\/LESC-Live-Escape-Rooms-Buchs\/100028021046978\/","article_modified_time":"2024-08-17T11:12:05+00:00","og_image":[{"width":415,"height":400,"url":"https:\/\/lesc.ch\/wp-content\/uploads\/2024\/07\/Logo.jpg","type":"image\/jpeg"}],"twitter_card":"summary_large_image","twitter_misc":{"Est. reading time":"5 minutes"},"schema":{"@context":"https:\/\/schema.org","@graph":[{"@type":"WebPage","@id":"https:\/\/lesc.ch\/terms-and-conditions\/","url":"https:\/\/lesc.ch\/terms-and-conditions\/","name":"Terms and Conditions - LESC","isPartOf":{"@id":"https:\/\/lesc.ch\/#website"},"datePublished":"2019-05-12T07:49:31+00:00","dateModified":"2024-08-17T11:12:05+00:00","breadcrumb":{"@id":"https:\/\/lesc.ch\/terms-and-conditions\/#breadcrumb"},"inLanguage":"en-US","potentialAction":[{"@type":"ReadAction","target":["https:\/\/lesc.ch\/terms-and-conditions\/"]}]},{"@type":"BreadcrumbList","@id":"https:\/\/lesc.ch\/terms-and-conditions\/#breadcrumb","itemListElement":[{"@type":"ListItem","position":1,"name":"Home","item":"https:\/\/lesc.ch\/"},{"@type":"ListItem","position":2,"name":"Terms and Conditions"}]},{"@type":"WebSite","@id":"https:\/\/lesc.ch\/#website","url":"https:\/\/lesc.ch\/","name":"LESC - Live Escape Rooms Buchs","description":"","publisher":{"@id":"https:\/\/lesc.ch\/#organization"},"potentialAction":[{"@type":"SearchAction","target":{"@type":"EntryPoint","urlTemplate":"https:\/\/lesc.ch\/?s={search_term_string}"},"query-input":{"@type":"PropertyValueSpecification","valueRequired":true,"valueName":"search_term_string"}}],"inLanguage":"en-US"},{"@type":"Organization","@id":"https:\/\/lesc.ch\/#organization","name":"LESC","url":"https:\/\/lesc.ch\/","logo":{"@type":"ImageObject","inLanguage":"en-US","@id":"https:\/\/lesc.ch\/#\/schema\/logo\/image\/","url":"https:\/\/lesc.ch\/wp-content\/uploads\/2024\/07\/Logo.jpg","contentUrl":"https:\/\/lesc.ch\/wp-content\/uploads\/2024\/07\/Logo.jpg","width":415,"height":400,"caption":"LESC"},"image":{"@id":"https:\/\/lesc.ch\/#\/schema\/logo\/image\/"},"sameAs":["https:\/\/www.facebook.com\/people\/LESC-Live-Escape-Rooms-Buchs\/100028021046978\/","https:\/\/www.instagram.com\/lescliveescaperooms\/"]}]}},"uagb_featured_image_src":{"full":false,"thumbnail":false,"medium":false,"medium_large":false,"large":false,"1536x1536":false,"2048x2048":false,"trp-custom-language-flag":false,"bim-related-post":false,"avo-gallery":false},"uagb_author_info":{"display_name":"admin-lesc.ch","author_link":"https:\/\/lesc.ch\/en\/author\/admin-lesc-ch\/"},"uagb_comment_info":0,"uagb_excerpt":"Allgemeine Gesch\u00e4ftsbedingungen (AGB) \u00a0 Vertragsgegenstand Die Allgemeinen Gesch\u00e4ftsbedingungen (AGB) regeln die Rechtsbeziehungen zwischen Ihnen und der Live Escape Rooms Buchs KIG (nachfolgend LESC genannt) beziehend auf die von uns angebotenen Dienstleistungen. Vertragsabschluss Reservationen k\u00f6nnen \u00fcber das Buchungssystem auf www.lesc.ch oder per E-Mail an info@lesc.ch get\u00e4tigt werden. Eine Reservation ist erst g\u00fcltig, wenn diese durch uns&hellip;","_links":{"self":[{"href":"https:\/\/lesc.ch\/en\/wp-json\/wp\/v2\/pages\/3159","targetHints":{"allow":["GET"]}}],"collection":[{"href":"https:\/\/lesc.ch\/en\/wp-json\/wp\/v2\/pages"}],"about":[{"href":"https:\/\/lesc.ch\/en\/wp-json\/wp\/v2\/types\/page"}],"author":[{"embeddable":true,"href":"https:\/\/lesc.ch\/en\/wp-json\/wp\/v2\/users\/3"}],"replies":[{"embeddable":true,"href":"https:\/\/lesc.ch\/en\/wp-json\/wp\/v2\/comments?post=3159"}],"version-history":[{"count":0,"href":"https:\/\/lesc.ch\/en\/wp-json\/wp\/v2\/pages\/3159\/revisions"}],"wp:attachment":[{"href":"https:\/\/lesc.ch\/en\/wp-json\/wp\/v2\/media?parent=3159"}],"curies":[{"name":"wp","href":"https:\/\/api.w.org\/{rel}","templated":true}]}}